{"id":63,"date":"2024-01-02T20:54:43","date_gmt":"2024-01-02T19:54:43","guid":{"rendered":"https:\/\/www.lcht.cz\/?page_id=63"},"modified":"2024-01-14T21:15:44","modified_gmt":"2024-01-14T20:15:44","slug":"navstevovana-mista","status":"publish","type":"page","link":"https:\/\/www.lcht.cz\/?page_id=63","title":{"rendered":"Nav\u0161t\u011bvujeme"},"content":{"rendered":"<p><strong>Odkazy na str\u00e1nky s obsahem m\u00edst, kter\u00e1 nav\u0161t\u011bvujeme<\/strong><\/p>\n<ol>\n<li><strong>MARIBA<\/strong> &#8211; Erlebnisbad (rekrea\u010dn\u00ed baz\u00e9n) &#8211; Neustadt, SRN<br \/>\n<a href=\"http:\/\/www.mariba.eu\/index.php\/Erlebnisbad.html\" target=\"_blank\" rel=\"noopener noreferrer\">Odkaz<\/a><\/li>\n<li><strong>Freizeit and Erlebnisbad<\/strong> (baz\u00e9ny) v Obercunnersdorf &#8211; SRN<br \/>\n<a href=\"http:\/\/www.bad-oberc.de\/\" target=\"_blank\" rel=\"noopener noreferrer\">Odkaz<\/a><\/li>\n<li>M\u00edsto ubytov\u00e1n\u00ed &#8211; <strong>Herberk Ferdinanda Dobrotiv\u00e9ho<\/strong><br \/>\n<a href=\"https:\/\/chalupy.a-tom.cz\/chalupa\/42-herberk-ferdinanda-dobrotiveho\" target=\"_blank\" rel=\"noopener noreferrer\">Odkaz<\/a><\/li>\n<li><strong>Radvaneck\u00fd rybn\u00edk<\/strong><br \/>\n<a href=\"https:\/\/www.obecsloupvcechach.cz\/turisticke-zajimavosti\/koupaliste\/\" target=\"_blank\" rel=\"noopener noreferrer\">Odkaz<\/a><\/li>\n<li><strong>Skaln\u00ed hrad a poustevna<\/strong>, Hrad Sloup<br \/>\n<a href=\"http:\/\/www.hradsloup.cz\/#utm_source=mapy.cz&amp;utm_medium=ppd&amp;utm_campaign=firmy.cz-675242\" target=\"_blank\" rel=\"noopener noreferrer\">Odkaz<\/a><\/li>\n<li><strong>Sloup v \u010cech\u00e1ch<\/strong> &#8211; zaj\u00edmavosti<br \/>\n<a href=\"http:\/\/www.luzicke-hory.cz\/mista\/index.php?pg=obslouc\" target=\"_blank\" rel=\"noopener noreferrer\">Odkaz<\/a><\/li>\n<li><strong>Sloupsk\u00e9 sk\u00e1ly<\/strong><br \/>\n<a href=\"http:\/\/www.luzicke-hory.cz\/mista\/index.php?pg=zmslosc\" target=\"_blank\" rel=\"noopener noreferrer\">Odkaz<\/a><\/li>\n<li><strong>Bastei<\/strong> &#8211; vyhl\u00eddky a sklan\u00ed most &#8211; SRN<br \/>\n<a href=\"https:\/\/www.ceskesvycarsko.cz\/cs\/zazitky\/cile\/bastei\" target=\"_blank\" rel=\"noopener\">Odkaz<\/a><\/li>\n<li><strong>Skl\u00e1rna a skl\u00e1\u0159sk\u00e1 kr\u010dma AJETO<\/strong> v Lindav\u011b<br \/>\n<a href=\"http:\/\/www.ajetoglass.com\/\" target=\"_blank\" rel=\"noopener\">Odkaz<\/a><\/li>\n<li><strong>Skl\u00e1rna Pa\u010dinek<\/strong> &#8211; Kunratice u Cvikova<br \/>\n<a href=\"http:\/\/www.pacinekglass.com\/\" target=\"_blank\" rel=\"noopener\">Odkaz<\/a><\/li>\n<li><strong>Pekeln\u00e9 doly<\/strong><br \/>\n<a href=\"http:\/\/www.pekelnedoly.cz\/\" target=\"_blank\" rel=\"noopener\">Odkaz<\/a><\/li>\n<li><strong>Kryt\u00fd baz\u00e9n<\/strong> v Rumburku<br \/>\n<a href=\"https:\/\/www.srasrumburk.cz\/sportoviste\/plavecky-bazen\" target=\"_blank\" rel=\"noopener\">Odkaz<\/a><\/li>\n<li><strong>Kryt\u00fd baz\u00e9n<\/strong> ve Varnsdorfu<br \/>\n<a href=\"https:\/\/www.regiavdf.cz\/bazen\/2\" target=\"_blank\" rel=\"noopener\">Odkaz<\/a><\/li>\n<li><strong>Rozhledna na Str\u00e1\u017ei<\/strong> ve Sloupu v \u010cech\u00e1ch<br \/>\n<a href=\"http:\/\/rozhledna-nastrazi.cz\/\" target=\"_blank\" rel=\"noopener\">Odkaz<\/a><\/li>\n<li><strong>Rozhledna Vl\u010d\u00ed hora<\/strong><br \/>\n<a href=\"https:\/\/www.region-ceskesvycarsko.cz\/rozhledny-vyhlidky\/rozhledna-vlci-hora\/\" target=\"_blank\" rel=\"noopener\">Odkaz<\/a><\/li>\n<li><strong>Rozhledna Dymn\u00edk u Rumburka<\/strong><br \/>\n<a href=\"http:\/\/rozhledny.webzdarma.cz\/dymnik.htm\" target=\"_blank\" rel=\"noopener\">Odkaz<\/a><\/li>\n<li><strong>MANA \u010dokol\u00e1dovna<\/strong> &#8211; Kr\u00e1sn\u00e1 L\u00edpa<br \/>\n<a href=\"https:\/\/www.cokokramek.cz\/\" target=\"_blank\" rel=\"noopener\">Odkaz<\/a><\/li>\n<li><strong>\u0160luknovsk\u00fd z\u00e1mek<\/strong><br \/>\n<a href=\"https:\/\/zamek.mestosluknov.cz\/\" target=\"_blank\" rel=\"noopener\">Odkaz<\/a><\/li>\n<\/ol>\n<p><img fetchpriority=\"high\" decoding=\"async\" class=\"size-full wp-image-102 aligncenter\" src=\"https:\/\/www.lcht.cz\/wp-content\/uploads\/2024\/01\/Obr_7.jpeg\" alt=\"\" width=\"677\" height=\"958\" srcset=\"https:\/\/www.lcht.cz\/wp-content\/uploads\/2024\/01\/Obr_7.jpeg 677w, https:\/\/www.lcht.cz\/wp-content\/uploads\/2024\/01\/Obr_7-212x300.jpeg 212w\" sizes=\"(max-width: 677px) 100vw, 677px\" \/><\/p>\n","protected":false},"excerpt":{"rendered":"<p>Odkazy na str\u00e1nky s obsahem m\u00edst, kter\u00e1 nav\u0161t\u011bvujeme MARIBA &#8211; Erlebnisbad (rekrea\u010dn\u00ed baz\u00e9n) &#8211; Neustadt, SRN Odkaz Freizeit and Erlebnisbad (baz\u00e9ny) v Obercunnersdorf &#8211; SRN Odkaz M\u00edsto ubytov\u00e1n\u00ed &#8211; Herberk Ferdinanda Dobrotiv\u00e9ho Odkaz Radvaneck\u00fd rybn\u00edk Odkaz Skaln\u00ed hrad a poustevna, Hrad Sloup Odkaz Sloup v \u010cech\u00e1ch &#8211; zaj\u00edmavosti Odkaz Sloupsk\u00e9 sk\u00e1ly Odkaz Bastei &#8211; vyhl\u00eddky a sklan\u00ed most &#8211; SRN Odkaz Skl\u00e1rna a skl\u00e1\u0159sk\u00e1 kr\u010dma AJETO v Lindav\u011b Odkaz Skl\u00e1rna Pa\u010dinek &#8211; Kunratice u Cvikova Odkaz Pekeln\u00e9 doly Odkaz Kryt\u00fd baz\u00e9n v Rumburku Odkaz Kryt\u00fd baz\u00e9n ve Varnsdorfu Odkaz Rozhledna na Str\u00e1\u017ei ve Sloupu v \u010cech\u00e1ch Odkaz Rozhledna Vl\u010d\u00ed hora Odkaz Rozhledna Dymn\u00edk u Rumburka Odkaz MANA \u010dokol\u00e1dovna &#8211; Kr\u00e1sn\u00e1 L\u00edpa Odkaz \u0160luknovsk\u00fd z\u00e1mek Odkaz<\/p>\n","protected":false},"author":1,"featured_media":0,"parent":0,"menu_order":0,"comment_status":"closed","ping_status":"closed","template":"","meta":{"footnotes":""},"class_list":["post-63","page","type-page","status-publish","hentry"],"acf":[],"_links":{"self":[{"href":"https:\/\/www.lcht.cz\/index.php?rest_route=\/wp\/v2\/pages\/63","targetHints":{"allow":["GET"]}}],"collection":[{"href":"https:\/\/www.lcht.cz\/index.php?rest_route=\/wp\/v2\/pages"}],"about":[{"href":"https:\/\/www.lcht.cz\/index.php?rest_route=\/wp\/v2\/types\/page"}],"author":[{"embeddable":true,"href":"https:\/\/www.lcht.cz\/index.php?rest_route=\/wp\/v2\/users\/1"}],"replies":[{"embeddable":true,"href":"https:\/\/www.lcht.cz\/index.php?rest_route=%2Fwp%2Fv2%2Fcomments&post=63"}],"version-history":[{"count":5,"href":"https:\/\/www.lcht.cz\/index.php?rest_route=\/wp\/v2\/pages\/63\/revisions"}],"predecessor-version":[{"id":145,"href":"https:\/\/www.lcht.cz\/index.php?rest_route=\/wp\/v2\/pages\/63\/revisions\/145"}],"wp:attachment":[{"href":"https:\/\/www.lcht.cz\/index.php?rest_route=%2Fwp%2Fv2%2Fmedia&parent=63"}],"curies":[{"name":"wp","href":"https:\/\/api.w.org\/{rel}","templated":true}]}}