{"id":31,"date":"2024-01-02T12:52:59","date_gmt":"2024-01-02T11:52:59","guid":{"rendered":"https:\/\/www.lcht.cz\/?page_id=31"},"modified":"2026-01-12T11:07:38","modified_gmt":"2026-01-12T10:07:38","slug":"propozice-tabora-2024","status":"publish","type":"page","link":"https:\/\/www.lcht.cz\/?page_id=31","title":{"rendered":"Propozice"},"content":{"rendered":"<p>V\u00e1\u017een\u00ed rodi\u010de,<\/p>\n<p>p\u0159ipravili jsme v nadstandardn\u00edm prost\u0159ed\u00ed rekrea\u010dn\u00edho st\u0159ediska Herberk Ferdinanda Dobrotiv\u00e9ho ve Sloupu v \u010cech\u00e1ch dal\u0161\u00ed ro\u010dn\u00edk letn\u00edho t\u00e1bora, kter\u00fd, v\u011b\u0159me, va\u0161e d\u011bti ur\u010dit\u011b pot\u011b\u0161\u00ed a zaujme. Krom\u011b standardn\u00edch t\u00e1borov\u00fdch her, sout\u011b\u017e\u00ed, diskot\u00e9k atd. pl\u00e1nujeme op\u011bt v\u00fdjezdy do N\u011bmecka (aquapark Mariba v Neustadtu a baz\u00e9nov\u00fd are\u00e1l v Obercunnersdorfu). Pro mnoh\u00e9 d\u011bti bude z\u00e1\u017eitkem n\u00e1v\u0161t\u011bva p\u0159edstaven\u00ed v m\u00edstn\u00edm Lesn\u00edm divadle \u010di prohl\u00eddka m\u00edstn\u00ed farmy s j\u00edzdou na koni. V jedn\u00e1n\u00ed je pro leto\u0161n\u00ed rok tak\u00e9 n\u00e1v\u0161t\u011bva \u010cokol\u00e1dovny v Kr\u00e1sn\u00e9 L\u00edp\u011b, kde si d\u011bti mohou vytvo\u0159it vlastn\u00ed \u010dokol\u00e1dov\u00e9 dobroty.<\/p>\n<p><strong>Strava<\/strong> je pro d\u011bti p\u0159ipravov\u00e1na 5 x denn\u011b, dostatek j\u00eddla je samoz\u0159ejmost, stejn\u011b jako dodr\u017eov\u00e1n\u00ed pitn\u00e9ho re\u017eimu. Sortiment je opravdu bohat\u00fd \u2013 nech\u00e1me mnoho potravin vybrat samotn\u00e9 d\u011bti, velmi dob\u0159e spolupracujeme s pek\u00e1rnou JIPEK v \u010cesk\u00e9 L\u00edp\u011b, kter\u00e1 denn\u011b p\u0159iv\u00e1\u017e\u00ed \u010derstv\u00e9 pe\u010divo. O stravov\u00e1n\u00ed se b\u011bhem cel\u00e9ho pobytu postaraj\u00ed zku\u0161en\u00e1 kucha\u0159ka ze \u0161koln\u00ed j\u00eddelny, pan\u00ed Ivana Hoppeov\u00e1 s man\u017eelem Zde\u0148kem Hoppe.<\/p>\n<p><strong>O d\u011bti se budou starat<\/strong> pro\u0161kolen\u00ed a zku\u0161en\u00ed t\u00e1borov\u00ed vedouc\u00ed z \u0159ad pedagog\u016f a student\u016f vysok\u00fdch \u0161kol: Ivana Kub\u00edkov\u00e1, Kate\u0159ina Brebisov\u00e1 a Anna \u0160krletov\u00e1. S dal\u0161\u00edmi vedouc\u00edmi, kte\u0159\u00ed by roz\u0161\u00ed\u0159ili na\u0161e \u0159ady, je\u0161t\u011b jedn\u00e1me.<\/p>\n<p><strong>Cena t\u00e1bora je pro leto\u0161ek stanovena na<\/strong> <strong>6 100,- K\u010d.<\/strong> V cen\u011b je 5 x denn\u011b strava + p\u0159\u00edpadn\u00e9 2. ve\u010de\u0159e, doprava (na t\u00e1bor a zp\u011bt + v\u00fdlety), vstupy, odm\u011bny pro d\u011bti, poji\u0161t\u011bn\u00ed, zdravotn\u00ed zabezpe\u010den\u00ed atd. Po d\u011btech \u017e\u00e1dn\u00e9 finance za slu\u017eby ji\u017e nepo\u017eadujeme. T\u00e1bor je dotov\u00e1n z rozpo\u010dtu spolku Chlumeck\u00fd d\u011btsk\u00fd sbor (p\u0159\u00edsp\u011bvek od m\u011bsta Chlumec) a ze sponzorsk\u00fdch dar\u016f.<\/p>\n<p><strong>P\u0159ihl\u00e1\u0161en\u00ed na t\u00e1bor <\/strong>provedete vypln\u011bn\u00edm <a href=\"https:\/\/www.lcht.cz\/?page_id=32\">on-line p\u0159ihl\u00e1\u0161ky<\/a> na t\u011bchto webov\u00fdch str\u00e1nk\u00e1ch. Na jej\u00edm z\u00e1klad\u011b v\u00e1m bude odesl\u00e1na z\u00e1vazn\u00e1 p\u0159ihl\u00e1\u0161ka + souhlas GDPR, kter\u00e9 je nutno vyplnit a v pap\u00edrov\u00e9 podob\u011b odevzdat p. u\u010d. Kub\u00edkov\u00e9. <strong>Vzhledem k velk\u00e9mu z\u00e1jmu maj\u00ed v \u00fa\u010dasti na Chlumeck\u00e9m d\u011btsk\u00e9m t\u00e1bo\u0159e p\u0159ednost \u010dlenov\u00e9 a \u010dlenky chlumeck\u00fdch d\u011btsk\u00fdch sbor\u016f, p\u0159\u00edpadn\u011b \u00fa\u010dastn\u00edci p\u0159ede\u0161l\u00fdch ro\u010dn\u00edk\u016f.<\/strong> V\u011bkov\u00e1 hranice je 7\u201315 let (v dob\u011b kon\u00e1n\u00ed t\u00e1bora). Od d\u011bt\u00ed vy\u017eadujeme soci\u00e1ln\u00ed zralost, samostatnost v sebeobsluze (obl\u00e9k\u00e1n\u00ed, osobn\u00ed hygiena, stolov\u00e1n\u00ed), fyzick\u00e9 a psychick\u00e9 zdrav\u00ed<\/p>\n<p><strong>Platby prove\u010fte p\u0159evodem na \u00fa\u010det 164601283\/0300 \u2013 var. symbol 020726<\/strong>,<strong> do zpr\u00e1v pro p\u0159\u00edjemce uv\u00e1d\u011bjte jm\u00e9no a p\u0159\u00edjmen\u00ed d\u00edt\u011bte. <\/strong>Pokud bude hradit pobyt d\u00edt\u011bte zam\u011bstnavatel jednoho z rodi\u010d\u016f, kontaktujte n\u00e1s prost\u0159ednictv\u00edm emailu (lcht@lcht.cz), faktura bude zam\u011bstnanci zasl\u00e1na po obdr\u017een\u00ed nutn\u00fdch informac\u00ed (adresa, I\u010cO atd.). Od rodi\u010d\u016f vy\u017eadujeme <strong>z\u00e1lohovou platbu<\/strong>, kterou definitivn\u011b p\u0159ihl\u00e1s\u00edte va\u0161e d\u00edt\u011b na t\u00e1bor. <strong>Jej\u00ed v\u00fd\u0161e \u010din\u00ed 2 000,- K\u010d a je nutn\u00e9 ji uhradit do konce m\u011bs\u00edce b\u0159ezna.<\/strong> <strong>Zbylou \u010d\u00e1stku 4 100,- K\u010d je nutn\u00e9 uhradit do p\u00e1tku 29. kv\u011btna <\/strong>M\u00e1te mo\u017enost platit i formou spl\u00e1tek \u2013 eventuality zvol\u00edte p\u0159i vypl\u0148ov\u00e1n\u00ed p\u00edsemn\u00e9 p\u0159ihl\u00e1\u0161ky.<\/p>\n","protected":false},"excerpt":{"rendered":"<p>V\u00e1\u017een\u00ed rodi\u010de, p\u0159ipravili jsme v nadstandardn\u00edm prost\u0159ed\u00ed rekrea\u010dn\u00edho st\u0159ediska Herberk Ferdinanda Dobrotiv\u00e9ho ve Sloupu v \u010cech\u00e1ch dal\u0161\u00ed ro\u010dn\u00edk letn\u00edho t\u00e1bora, kter\u00fd, v\u011b\u0159me, va\u0161e d\u011bti ur\u010dit\u011b pot\u011b\u0161\u00ed a zaujme. Krom\u011b standardn\u00edch t\u00e1borov\u00fdch her, sout\u011b\u017e\u00ed, diskot\u00e9k atd. pl\u00e1nujeme op\u011bt v\u00fdjezdy do N\u011bmecka (aquapark Mariba v Neustadtu a baz\u00e9nov\u00fd are\u00e1l v Obercunnersdorfu). Pro mnoh\u00e9 d\u011bti bude z\u00e1\u017eitkem n\u00e1v\u0161t\u011bva p\u0159edstaven\u00ed v m\u00edstn\u00edm Lesn\u00edm divadle \u010di prohl\u00eddka m\u00edstn\u00ed farmy s j\u00edzdou na koni. V jedn\u00e1n\u00ed je pro leto\u0161n\u00ed rok tak\u00e9 n\u00e1v\u0161t\u011bva \u010cokol\u00e1dovny v Kr\u00e1sn\u00e9 L\u00edp\u011b, kde si d\u011bti mohou vytvo\u0159it vlastn\u00ed \u010dokol\u00e1dov\u00e9 dobroty. Strava je pro d\u011bti p\u0159ipravov\u00e1na 5 x denn\u011b, dostatek j\u00eddla je samoz\u0159ejmost, stejn\u011b jako dodr\u017eov\u00e1n\u00ed pitn\u00e9ho re\u017eimu. Sortiment je opravdu bohat\u00fd \u2013 nech\u00e1me mnoho potravin vybrat samotn\u00e9 d\u011bti, velmi dob\u0159e spolupracujeme s pek\u00e1rnou JIPEK v \u010cesk\u00e9 L\u00edp\u011b, kter\u00e1 denn\u011b p\u0159iv\u00e1\u017e\u00ed \u010derstv\u00e9 pe\u010divo. O stravov\u00e1n\u00ed se b\u011bhem cel\u00e9ho pobytu postaraj\u00ed zku\u0161en\u00e1 kucha\u0159ka ze \u0161koln\u00ed j\u00eddelny, pan\u00ed Ivana Hoppeov\u00e1 s man\u017eelem Zde\u0148kem Hoppe. O d\u011bti se budou starat pro\u0161kolen\u00ed a zku\u0161en\u00ed t\u00e1borov\u00ed vedouc\u00ed z \u0159ad pedagog\u016f a student\u016f vysok\u00fdch \u0161kol: Ivana Kub\u00edkov\u00e1, Kate\u0159ina Brebisov\u00e1 a Anna \u0160krletov\u00e1. S dal\u0161\u00edmi vedouc\u00edmi, kte\u0159\u00ed by roz\u0161\u00ed\u0159ili na\u0161e \u0159ady, je\u0161t\u011b jedn\u00e1me. Cena t\u00e1bora je pro leto\u0161ek stanovena na 6 100,- K\u010d. V cen\u011b je 5 x denn\u011b strava + p\u0159\u00edpadn\u00e9 2. ve\u010de\u0159e, doprava (na t\u00e1bor a zp\u011bt + v\u00fdlety), vstupy, odm\u011bny pro d\u011bti, poji\u0161t\u011bn\u00ed, zdravotn\u00ed zabezpe\u010den\u00ed atd. Po d\u011btech \u017e\u00e1dn\u00e9 finance za slu\u017eby ji\u017e nepo\u017eadujeme. T\u00e1bor je dotov\u00e1n z rozpo\u010dtu spolku Chlumeck\u00fd d\u011btsk\u00fd sbor (p\u0159\u00edsp\u011bvek od m\u011bsta Chlumec) a ze sponzorsk\u00fdch dar\u016f. P\u0159ihl\u00e1\u0161en\u00ed na t\u00e1bor provedete vypln\u011bn\u00edm on-line p\u0159ihl\u00e1\u0161ky na t\u011bchto webov\u00fdch str\u00e1nk\u00e1ch. Na jej\u00edm z\u00e1klad\u011b v\u00e1m bude odesl\u00e1na z\u00e1vazn\u00e1 p\u0159ihl\u00e1\u0161ka + souhlas GDPR, kter\u00e9 je nutno vyplnit a v pap\u00edrov\u00e9 podob\u011b odevzdat p. u\u010d. Kub\u00edkov\u00e9. Vzhledem k velk\u00e9mu z\u00e1jmu maj\u00ed v \u00fa\u010dasti na Chlumeck\u00e9m d\u011btsk\u00e9m t\u00e1bo\u0159e p\u0159ednost \u010dlenov\u00e9 a \u010dlenky chlumeck\u00fdch d\u011btsk\u00fdch sbor\u016f, p\u0159\u00edpadn\u011b \u00fa\u010dastn\u00edci p\u0159ede\u0161l\u00fdch ro\u010dn\u00edk\u016f. V\u011bkov\u00e1 hranice je 7\u201315 let (v dob\u011b kon\u00e1n\u00ed t\u00e1bora). Od d\u011bt\u00ed vy\u017eadujeme soci\u00e1ln\u00ed zralost, samostatnost v sebeobsluze (obl\u00e9k\u00e1n\u00ed, osobn\u00ed hygiena, stolov\u00e1n\u00ed), fyzick\u00e9 a psychick\u00e9 zdrav\u00ed Platby prove\u010fte p\u0159evodem na \u00fa\u010det 164601283\/0300 \u2013 var. symbol 020726, do zpr\u00e1v pro p\u0159\u00edjemce uv\u00e1d\u011bjte jm\u00e9no a p\u0159\u00edjmen\u00ed d\u00edt\u011bte. Pokud bude hradit pobyt d\u00edt\u011bte zam\u011bstnavatel jednoho z rodi\u010d\u016f, kontaktujte n\u00e1s prost\u0159ednictv\u00edm emailu (lcht@lcht.cz), faktura bude zam\u011bstnanci zasl\u00e1na po obdr\u017een\u00ed nutn\u00fdch informac\u00ed (adresa, I\u010cO atd.). Od rodi\u010d\u016f vy\u017eadujeme z\u00e1lohovou platbu, kterou definitivn\u011b p\u0159ihl\u00e1s\u00edte va\u0161e d\u00edt\u011b na t\u00e1bor. Jej\u00ed v\u00fd\u0161e \u010din\u00ed 2 000,- K\u010d a je nutn\u00e9 ji uhradit do konce m\u011bs\u00edce b\u0159ezna. Zbylou \u010d\u00e1stku 4 100,- K\u010d je nutn\u00e9 uhradit do p\u00e1tku 29. kv\u011btna M\u00e1te mo\u017enost platit i formou spl\u00e1tek \u2013 eventuality zvol\u00edte p\u0159i vypl\u0148ov\u00e1n\u00ed p\u00edsemn\u00e9 p\u0159ihl\u00e1\u0161ky.<\/p>\n","protected":false},"author":1,"featured_media":0,"parent":0,"menu_order":0,"comment_status":"closed","ping_status":"closed","template":"","meta":{"footnotes":""},"class_list":["post-31","page","type-page","status-publish","hentry"],"acf":[],"_links":{"self":[{"href":"https:\/\/www.lcht.cz\/index.php?rest_route=\/wp\/v2\/pages\/31","targetHints":{"allow":["GET"]}}],"collection":[{"href":"https:\/\/www.lcht.cz\/index.php?rest_route=\/wp\/v2\/pages"}],"about":[{"href":"https:\/\/www.lcht.cz\/index.php?rest_route=\/wp\/v2\/types\/page"}],"author":[{"embeddable":true,"href":"https:\/\/www.lcht.cz\/index.php?rest_route=\/wp\/v2\/users\/1"}],"replies":[{"embeddable":true,"href":"https:\/\/www.lcht.cz\/index.php?rest_route=%2Fwp%2Fv2%2Fcomments&post=31"}],"version-history":[{"count":12,"href":"https:\/\/www.lcht.cz\/index.php?rest_route=\/wp\/v2\/pages\/31\/revisions"}],"predecessor-version":[{"id":197,"href":"https:\/\/www.lcht.cz\/index.php?rest_route=\/wp\/v2\/pages\/31\/revisions\/197"}],"wp:attachment":[{"href":"https:\/\/www.lcht.cz\/index.php?rest_route=%2Fwp%2Fv2%2Fmedia&parent=31"}],"curies":[{"name":"wp","href":"https:\/\/api.w.org\/{rel}","templated":true}]}}